{"id":266,"date":"2024-08-21T14:32:53","date_gmt":"2024-08-21T12:32:53","guid":{"rendered":"https:\/\/www.gandts.fr\/?page_id=266"},"modified":"2024-10-17T10:42:13","modified_gmt":"2024-10-17T08:42:13","slug":"industrialisation-production","status":"publish","type":"page","link":"https:\/\/www.gandts.fr\/en\/nos-expertises\/industrialisation-production\/","title":{"rendered":"D\u00e9veloppement &#038; Production de pi\u00e8ces"},"content":{"rendered":"<div data-elementor-type=\"wp-page\" data-elementor-id=\"266\" class=\"elementor elementor-266\">\n\t\t\t\t<div class=\"elementor-element elementor-element-e8f65a8 animated-slow e-flex e-con-boxed elementor-invisible e-con e-parent\" data-id=\"e8f65a8\" data-element_type=\"container\" data-settings=\"{&quot;background_background&quot;:&quot;classic&quot;,&quot;animation&quot;:&quot;fadeIn&quot;}\">\n\t\t\t\t\t<div class=\"e-con-inner\">\n\t\t<div class=\"elementor-element elementor-element-82bbed0 e-grid gridHolder e-con-boxed e-con e-child\" data-id=\"82bbed0\" data-element_type=\"container\">\n\t\t\t\t\t<div class=\"e-con-inner\">\n\t\t\t\t<div class=\"elementor-element elementor-element-5f90b12 elementor-view-default elementor-widget elementor-widget-icon\" data-id=\"5f90b12\" data-element_type=\"widget\" data-widget_type=\"icon.default\">\n\t\t\t\t<div class=\"elementor-widget-container\">\n\t\t\t\t\t\t\t<div class=\"elementor-icon-wrapper\">\n\t\t\t<div class=\"elementor-icon\">\n\t\t\t<svg xmlns=\"http:\/\/www.w3.org\/2000\/svg\" id=\"Calque_2\" data-name=\"Calque 2\" viewbox=\"0 0 142.14 94.96\"><defs><style>      .cls-1 {        fill: #ff8200;        stroke-width: 0px;      }    <\/style><\/defs><g id=\"Calque_1-2\" data-name=\"Calque 1\"><rect class=\"cls-1\" y=\"6.24\" width=\"142.14\" height=\"2.44\"><\/rect><rect class=\"cls-1\" x=\"90.46\" y=\"8.15\" width=\"2.85\" height=\"84.17\"><\/rect><polygon class=\"cls-1\" points=\"21.19 94.96 97.49 1.69 95.21 0 18.9 93.26 21.19 94.96\"><\/polygon><\/g><\/svg>\t\t\t<\/div>\n\t\t<\/div>\n\t\t\t\t\t\t<\/div>\n\t\t\t\t<\/div>\n\t\t\t\t<div class=\"elementor-element elementor-element-59eb8bb elementor-widget elementor-widget-heading\" data-id=\"59eb8bb\" data-element_type=\"widget\" data-widget_type=\"heading.default\">\n\t\t\t\t<div class=\"elementor-widget-container\">\n\t\t\t\t\t<h2 class=\"elementor-heading-title elementor-size-default\">D\u00e9veloppement <br \/>&amp; Production de pi\u00e8ces<\/h2>\t\t\t\t<\/div>\n\t\t\t\t<\/div>\n\t\t\t\t\t<\/div>\n\t\t\t\t<\/div>\n\t\t\t\t\t<\/div>\n\t\t\t\t<\/div>\n\t\t<div class=\"elementor-element elementor-element-35d79ed e-flex e-con-boxed e-con e-parent\" data-id=\"35d79ed\" data-element_type=\"container\">\n\t\t\t\t\t<div class=\"e-con-inner\">\n\t\t\t\t<div class=\"elementor-element elementor-element-33fdcbc elementor-widget elementor-widget-wp-widget-arianne\" data-id=\"33fdcbc\" data-element_type=\"widget\" data-widget_type=\"wp-widget-arianne.default\">\n\t\t\t\t<div class=\"elementor-widget-container\">\n\t\t\t\t\t<div class='arianne'>\n\t\t\t<div class='arianne-container'>\n\t\t\t\t<div class='home-arianne'><a href='https:\/\/www.gandts.fr\/en\/'>Home<\/a><\/div>\n\t\t\t\t<span class='material-symbols-outlined'>arrow_forward<\/span> <div class='entity'><a href='\/en'>En<\/a> <span class='material-symbols-outlined'>arrow_forward<\/span> <\/div> <div class='entity'><a href='\/en\/wp-json'>Wp json<\/a> <span class='material-symbols-outlined'>arrow_forward<\/span> <\/div> <div class='entity'><a href='\/en\/wp-json\/wp'>Wp<\/a> <span class='material-symbols-outlined'>arrow_forward<\/span> <\/div> <div class='entity'><a href='\/en\/wp-json\/wp\/v2'>V2<\/a> <span class='material-symbols-outlined'>arrow_forward<\/span> <\/div> <div class='entity'><a href='\/en\/wp-json\/wp\/v2\/pages'>Pages<\/a> <span class='material-symbols-outlined'>arrow_forward<\/span> <\/div> <div class='entity'><a href='\/en\/wp-json\/wp\/v2\/pages\/266'>266<\/a><\/div> \n\t\t\t\t<\/div>\n\t\t<\/div>\t\t\t\t<\/div>\n\t\t\t\t<\/div>\n\t\t\t\t\t<\/div>\n\t\t\t\t<\/div>\n\t\t<div class=\"elementor-element elementor-element-10b1cbc e-flex e-con-boxed e-con e-parent\" data-id=\"10b1cbc\" data-element_type=\"container\" data-settings=\"{&quot;background_background&quot;:&quot;classic&quot;}\">\n\t\t\t\t\t<div class=\"e-con-inner\">\n\t\t<div class=\"elementor-element elementor-element-1680720 e-grid e-con-full gridProducts orange e-con e-child\" data-id=\"1680720\" data-element_type=\"container\">\n\t\t<div class=\"elementor-element elementor-element-29c0225 e-con-full e-flex e-con e-child\" data-id=\"29c0225\" data-element_type=\"container\">\n\t\t\t\t<div class=\"elementor-element elementor-element-8c1ac36 elementor-widget elementor-widget-heading\" data-id=\"8c1ac36\" data-element_type=\"widget\" data-widget_type=\"heading.default\">\n\t\t\t\t<div class=\"elementor-widget-container\">\n\t\t\t\t\t<span class=\"elementor-heading-title elementor-size-default\">Prototypages, Maquettages\n&amp; Impression 3D<\/span>\t\t\t\t<\/div>\n\t\t\t\t<\/div>\n\t\t\t\t<div class=\"elementor-element elementor-element-802b824 elementor-widget elementor-widget-text-editor\" data-id=\"802b824\" data-element_type=\"widget\" data-widget_type=\"text-editor.default\">\n\t\t\t\t<div class=\"elementor-widget-container\">\n\t\t\t\t\t\t\t\t\t<h2>Prototypages, Maquettages &amp; Impression 3D<\/h2><p>R\u00e9alisation de prototypes et maquettes fonctionnelles, ainsi que de pi\u00e8ces sur mesure gr\u00e2ce \u00e0 l&rsquo;impression 3D, permettant des ajustements rapides et une validation des concepts.<\/p>\t\t\t\t\t\t\t\t<\/div>\n\t\t\t\t<\/div>\n\t\t\t\t<\/div>\n\t\t<div class=\"elementor-element elementor-element-8de4cf0 e-con-full e-flex e-con e-child\" data-id=\"8de4cf0\" data-element_type=\"container\">\n\t\t\t\t<div class=\"elementor-element elementor-element-7c50c8e elementor-widget elementor-widget-heading\" data-id=\"7c50c8e\" data-element_type=\"widget\" data-widget_type=\"heading.default\">\n\t\t\t\t<div class=\"elementor-widget-container\">\n\t\t\t\t\t<span class=\"elementor-heading-title elementor-size-default\">Supports 3D &amp;\nMoyens De Contr\u00f4le<\/span>\t\t\t\t<\/div>\n\t\t\t\t<\/div>\n\t\t\t\t<div class=\"elementor-element elementor-element-e651642 elementor-widget elementor-widget-text-editor\" data-id=\"e651642\" data-element_type=\"widget\" data-widget_type=\"text-editor.default\">\n\t\t\t\t<div class=\"elementor-widget-container\">\n\t\t\t\t\t\t\t\t\t<h2>Supports 3D &amp; Moyens de Contr\u00f4le<\/h2><p>Contr\u00f4le et optimisation des process de fabrication pour am\u00e9liorer la qualit\u00e9 des pi\u00e8ces ainsi que leur montabilit\u00e9 et leur fonctionnement.<\/p>\t\t\t\t\t\t\t\t<\/div>\n\t\t\t\t<\/div>\n\t\t\t\t<\/div>\n\t\t<div class=\"elementor-element elementor-element-a2e8687 e-con-full e-flex e-con e-child\" data-id=\"a2e8687\" data-element_type=\"container\">\n\t\t\t\t<div class=\"elementor-element elementor-element-d720fb2 elementor-widget elementor-widget-heading\" data-id=\"d720fb2\" data-element_type=\"widget\" data-widget_type=\"heading.default\">\n\t\t\t\t<div class=\"elementor-widget-container\">\n\t\t\t\t\t<span class=\"elementor-heading-title elementor-size-default\">Moules &amp;\nOutillages de production<\/span>\t\t\t\t<\/div>\n\t\t\t\t<\/div>\n\t\t\t\t<div class=\"elementor-element elementor-element-af2f8bb elementor-widget elementor-widget-text-editor\" data-id=\"af2f8bb\" data-element_type=\"widget\" data-widget_type=\"text-editor.default\">\n\t\t\t\t<div class=\"elementor-widget-container\">\n\t\t\t\t\t\t\t\t\t<h2>Moules &amp; Outillages de production<\/h2><p>Production, transformation et fa\u00e7onnage de toutes sortes de mati\u00e8res (plastiques, m\u00e9tal, r\u00e9sines\u2026) afin d&rsquo;obtenir <br \/>un produit fini.<\/p>\t\t\t\t\t\t\t\t<\/div>\n\t\t\t\t<\/div>\n\t\t\t\t<\/div>\n\t\t<div class=\"elementor-element elementor-element-d1cb255 e-con-full e-flex e-con e-child\" data-id=\"d1cb255\" data-element_type=\"container\">\n\t\t\t\t<div class=\"elementor-element elementor-element-1ba6d6c elementor-widget elementor-widget-heading\" data-id=\"1ba6d6c\" data-element_type=\"widget\" data-widget_type=\"heading.default\">\n\t\t\t\t<div class=\"elementor-widget-container\">\n\t\t\t\t\t<span class=\"elementor-heading-title elementor-size-default\">R\u00e9tro - ing\u00e9nierie<\/span>\t\t\t\t<\/div>\n\t\t\t\t<\/div>\n\t\t\t\t<div class=\"elementor-element elementor-element-947548b elementor-widget elementor-widget-text-editor\" data-id=\"947548b\" data-element_type=\"widget\" data-widget_type=\"text-editor.default\">\n\t\t\t\t<div class=\"elementor-widget-container\">\n\t\t\t\t\t\t\t\t\t<h2>R\u00e9tro &#8211; Ing\u00e9nierie<\/h2><p>Analyse et reproduction de pi\u00e8ces existantes pour am\u00e9liorer ou remplacer des composants d\u00e9fectueux ou obsol\u00e8tes, garantissant la disponibilit\u00e9 des pi\u00e8ces de rechange.<\/p>\t\t\t\t\t\t\t\t<\/div>\n\t\t\t\t<\/div>\n\t\t\t\t<\/div>\n\t\t<div class=\"elementor-element elementor-element-fa9854d e-con-full e-flex e-con e-child\" data-id=\"fa9854d\" data-element_type=\"container\">\n\t\t\t\t<div class=\"elementor-element elementor-element-5dde826 elementor-widget elementor-widget-text-editor\" data-id=\"5dde826\" data-element_type=\"widget\" data-widget_type=\"text-editor.default\">\n\t\t\t\t<div class=\"elementor-widget-container\">\n\t\t\t\t\t\t\t\t\t<p>Activit\u00e9s r\u00e9alis\u00e9es <br \/>uniquement en Alg\u00e9rie<\/p>\t\t\t\t\t\t\t\t<\/div>\n\t\t\t\t<\/div>\n\t\t\t\t<\/div>\n\t\t\t\t<\/div>\n\t\t\t\t\t<\/div>\n\t\t\t\t<\/div>\n\t\t<div class=\"elementor-element elementor-element-8bb0209 e-flex e-con-boxed e-con e-parent\" data-id=\"8bb0209\" data-element_type=\"container\" data-settings=\"{&quot;background_background&quot;:&quot;classic&quot;}\">\n\t\t\t\t\t<div class=\"e-con-inner\">\n\t\t\t\t<div class=\"elementor-element elementor-element-c1ca11f elementor-widget elementor-widget-heading\" data-id=\"c1ca11f\" data-element_type=\"widget\" data-widget_type=\"heading.default\">\n\t\t\t\t<div class=\"elementor-widget-container\">\n\t\t\t\t\t<h2 class=\"elementor-heading-title elementor-size-default\">Expertises &amp; Innovations<\/h2>\t\t\t\t<\/div>\n\t\t\t\t<\/div>\n\t\t<div class=\"elementor-element elementor-element-714515d e-grid e-con-full e-con e-child\" data-id=\"714515d\" data-element_type=\"container\">\n\t\t<div class=\"elementor-element elementor-element-afb32df e-con-full animated-slow e-flex elementor-invisible e-con e-child\" data-id=\"afb32df\" data-element_type=\"container\" data-settings=\"{&quot;background_background&quot;:&quot;classic&quot;,&quot;animation&quot;:&quot;fadeIn&quot;,&quot;animation_delay&quot;:200}\">\n\t\t\t\t<div class=\"elementor-element elementor-element-30e7692 elementor-widget elementor-widget-heading\" data-id=\"30e7692\" data-element_type=\"widget\" data-widget_type=\"heading.default\">\n\t\t\t\t<div class=\"elementor-widget-container\">\n\t\t\t\t\t<h3 class=\"elementor-heading-title elementor-size-default\">Equipements Automobiles<br><\/h3>\t\t\t\t<\/div>\n\t\t\t\t<\/div>\n\t\t<div class=\"elementor-element elementor-element-8186655 e-grid e-con-full e-con e-child\" data-id=\"8186655\" data-element_type=\"container\">\n\t\t\t\t<div class=\"elementor-element elementor-element-bb6b908 elementor-widget elementor-widget-image\" data-id=\"bb6b908\" data-element_type=\"widget\" data-widget_type=\"image.default\">\n\t\t\t\t<div class=\"elementor-widget-container\">\n\t\t\t\t\t\t\t\t\t\t\t\t\t\t\t<img decoding=\"async\" width=\"89\" height=\"59\" src=\"https:\/\/www.gandts.fr\/wp-content\/uploads\/2024\/09\/fr.png\" class=\"attachment-full size-full wp-image-1378\" alt=\"\" srcset=\"https:\/\/www.gandts.fr\/wp-content\/uploads\/2024\/09\/fr.png 89w, https:\/\/www.gandts.fr\/wp-content\/uploads\/2024\/09\/fr-18x12.png 18w\" sizes=\"(max-width: 89px) 100vw, 89px\" style=\"width:100%;height:66.29%;max-width:89px\" \/>\t\t\t\t\t\t\t\t\t\t\t\t\t\t\t<\/div>\n\t\t\t\t<\/div>\n\t\t\t\t<div class=\"elementor-element elementor-element-92fae2e elementor-widget elementor-widget-image\" data-id=\"92fae2e\" data-element_type=\"widget\" data-widget_type=\"image.default\">\n\t\t\t\t<div class=\"elementor-widget-container\">\n\t\t\t\t\t\t\t\t\t\t\t\t\t\t\t<img decoding=\"async\" width=\"89\" height=\"59\" src=\"https:\/\/www.gandts.fr\/wp-content\/uploads\/2024\/09\/al.png\" class=\"attachment-full size-full wp-image-1377\" alt=\"\" srcset=\"https:\/\/www.gandts.fr\/wp-content\/uploads\/2024\/09\/al.png 89w, https:\/\/www.gandts.fr\/wp-content\/uploads\/2024\/09\/al-18x12.png 18w\" sizes=\"(max-width: 89px) 100vw, 89px\" style=\"width:100%;height:66.29%;max-width:89px\" \/>\t\t\t\t\t\t\t\t\t\t\t\t\t\t\t<\/div>\n\t\t\t\t<\/div>\n\t\t\t\t<\/div>\n\t\t\t\t<div class=\"elementor-element elementor-element-1f4bcca elementor-widget elementor-widget-button\" data-id=\"1f4bcca\" data-element_type=\"widget\" data-widget_type=\"button.default\">\n\t\t\t\t<div class=\"elementor-widget-container\">\n\t\t\t\t\t\t\t\t\t<div class=\"elementor-button-wrapper\">\n\t\t\t\t\t<a class=\"elementor-button elementor-button-link elementor-size-sm\" href=\"https:\/\/www.gandts.fr\/en\/nos-expertises\/developpement\/\">\n\t\t\t\t\t\t<span class=\"elementor-button-content-wrapper\">\n\t\t\t\t\t\t\t\t\t<span class=\"elementor-button-text\">D\u00e9couvrir<\/span>\n\t\t\t\t\t<\/span>\n\t\t\t\t\t<\/a>\n\t\t\t\t<\/div>\n\t\t\t\t\t\t\t\t<\/div>\n\t\t\t\t<\/div>\n\t\t\t\t<\/div>\n\t\t<div class=\"elementor-element elementor-element-d6d6764 e-con-full animated-slow e-flex elementor-invisible e-con e-child\" data-id=\"d6d6764\" data-element_type=\"container\" data-settings=\"{&quot;background_background&quot;:&quot;classic&quot;,&quot;animation&quot;:&quot;fadeIn&quot;,&quot;animation_delay&quot;:400}\">\n\t\t\t\t<div class=\"elementor-element elementor-element-8274b5d elementor-widget__width-initial elementor-widget elementor-widget-heading\" data-id=\"8274b5d\" data-element_type=\"widget\" data-widget_type=\"heading.default\">\n\t\t\t\t<div class=\"elementor-widget-container\">\n\t\t\t\t\t<h3 class=\"elementor-heading-title elementor-size-default\">D\u00e9veloppement &amp;<br>Production de pi\u00e8ces<br><\/h3>\t\t\t\t<\/div>\n\t\t\t\t<\/div>\n\t\t\t\t<div class=\"elementor-element elementor-element-935e8dc elementor-widget elementor-widget-image\" data-id=\"935e8dc\" data-element_type=\"widget\" data-widget_type=\"image.default\">\n\t\t\t\t<div class=\"elementor-widget-container\">\n\t\t\t\t\t\t\t\t\t\t\t\t\t\t\t<img decoding=\"async\" width=\"89\" height=\"59\" src=\"https:\/\/www.gandts.fr\/wp-content\/uploads\/2024\/09\/al.png\" class=\"attachment-full size-full wp-image-1377\" alt=\"\" srcset=\"https:\/\/www.gandts.fr\/wp-content\/uploads\/2024\/09\/al.png 89w, https:\/\/www.gandts.fr\/wp-content\/uploads\/2024\/09\/al-18x12.png 18w\" sizes=\"(max-width: 89px) 100vw, 89px\" style=\"width:100%;height:66.29%;max-width:89px\" \/>\t\t\t\t\t\t\t\t\t\t\t\t\t\t\t<\/div>\n\t\t\t\t<\/div>\n\t\t\t\t<div class=\"elementor-element elementor-element-fbb31e8 elementor-widget elementor-widget-button\" data-id=\"fbb31e8\" data-element_type=\"widget\" data-widget_type=\"button.default\">\n\t\t\t\t<div class=\"elementor-widget-container\">\n\t\t\t\t\t\t\t\t\t<div class=\"elementor-button-wrapper\">\n\t\t\t\t\t<a class=\"elementor-button elementor-button-link elementor-size-sm\" href=\"https:\/\/www.gandts.fr\/en\/nos-expertises\/industrialisation-production\/\">\n\t\t\t\t\t\t<span class=\"elementor-button-content-wrapper\">\n\t\t\t\t\t\t\t\t\t<span class=\"elementor-button-text\">D\u00e9couvrir<\/span>\n\t\t\t\t\t<\/span>\n\t\t\t\t\t<\/a>\n\t\t\t\t<\/div>\n\t\t\t\t\t\t\t\t<\/div>\n\t\t\t\t<\/div>\n\t\t\t\t<\/div>\n\t\t<div class=\"elementor-element elementor-element-79df543 e-con-full animated-slow e-flex elementor-invisible e-con e-child\" data-id=\"79df543\" data-element_type=\"container\" data-settings=\"{&quot;background_background&quot;:&quot;classic&quot;,&quot;animation&quot;:&quot;fadeIn&quot;,&quot;animation_delay&quot;:600}\">\n\t\t\t\t<div class=\"elementor-element elementor-element-3e890d0 elementor-widget elementor-widget-heading\" data-id=\"3e890d0\" data-element_type=\"widget\" data-widget_type=\"heading.default\">\n\t\t\t\t<div class=\"elementor-widget-container\">\n\t\t\t\t\t<h3 class=\"elementor-heading-title elementor-size-default\">Formations<br><br><\/h3>\t\t\t\t<\/div>\n\t\t\t\t<\/div>\n\t\t\t\t<div class=\"elementor-element elementor-element-a8b7354 elementor-widget elementor-widget-image\" data-id=\"a8b7354\" data-element_type=\"widget\" data-widget_type=\"image.default\">\n\t\t\t\t<div class=\"elementor-widget-container\">\n\t\t\t\t\t\t\t\t\t\t\t\t\t\t\t<img decoding=\"async\" width=\"111\" height=\"112\" src=\"https:\/\/www.gandts.fr\/wp-content\/uploads\/2024\/09\/monde.png\" class=\"attachment-full size-full wp-image-1379\" alt=\"\" srcset=\"https:\/\/www.gandts.fr\/wp-content\/uploads\/2024\/09\/monde.png 111w, https:\/\/www.gandts.fr\/wp-content\/uploads\/2024\/09\/monde-12x12.png 12w\" sizes=\"(max-width: 111px) 100vw, 111px\" style=\"width:100%;height:100.9%;max-width:111px\" \/>\t\t\t\t\t\t\t\t\t\t\t\t\t\t\t<\/div>\n\t\t\t\t<\/div>\n\t\t\t\t<div class=\"elementor-element elementor-element-e410b9e elementor-widget elementor-widget-button\" data-id=\"e410b9e\" data-element_type=\"widget\" data-widget_type=\"button.default\">\n\t\t\t\t<div class=\"elementor-widget-container\">\n\t\t\t\t\t\t\t\t\t<div class=\"elementor-button-wrapper\">\n\t\t\t\t\t<a class=\"elementor-button elementor-button-link elementor-size-sm\" href=\"https:\/\/www.gandts.fr\/en\/formations\/\">\n\t\t\t\t\t\t<span class=\"elementor-button-content-wrapper\">\n\t\t\t\t\t\t\t\t\t<span class=\"elementor-button-text\">D\u00e9couvrir<\/span>\n\t\t\t\t\t<\/span>\n\t\t\t\t\t<\/a>\n\t\t\t\t<\/div>\n\t\t\t\t\t\t\t\t<\/div>\n\t\t\t\t<\/div>\n\t\t\t\t<\/div>\n\t\t\t\t<\/div>\n\t\t\t\t\t<\/div>\n\t\t\t\t<\/div>\n\t\t\t\t<\/div>","protected":false},"excerpt":{"rendered":"<p>D\u00e9veloppement &#038; Production de pi\u00e8ces Prototypages, Maquettages &#038; Impression 3D Prototypages, Maquettages &amp; Impression 3D R\u00e9alisation de prototypes et maquettes fonctionnelles, ainsi que de pi\u00e8ces sur mesure gr\u00e2ce \u00e0 l&rsquo;impression 3D, permettant des ajustements rapides et une validation des concepts. Supports 3D &#038; Moyens De Contr\u00f4le Supports 3D &amp; Moyens de Contr\u00f4le Contr\u00f4le et optimisation&hellip; <a class=\"more-link\" href=\"https:\/\/www.gandts.fr\/en\/nos-expertises\/industrialisation-production\/\">Continue reading <span class=\"screen-reader-text\">D\u00e9veloppement &#038; Production de pi\u00e8ces<\/span><\/a><\/p>","protected":false},"author":1,"featured_media":0,"parent":12,"menu_order":0,"comment_status":"closed","ping_status":"closed","template":"","meta":{"footnotes":""},"class_list":["post-266","page","type-page","status-publish","hentry","entry"],"yoast_head":"<!-- This site is optimized with the Yoast SEO plugin v27.4 - https:\/\/yoast.com\/product\/yoast-seo-wordpress\/ -->\n<title>D\u00e9veloppement &amp; Production de pi\u00e8ces - GandTS<\/title>\n<meta name=\"robots\" content=\"index, follow, max-snippet:-1, max-image-preview:large, max-video-preview:-1\" \/>\n<link rel=\"canonical\" href=\"https:\/\/www.gandts.fr\/en\/nos-expertises\/industrialisation-production\/\" \/>\n<meta property=\"og:locale\" content=\"en_GB\" \/>\n<meta property=\"og:type\" content=\"article\" \/>\n<meta property=\"og:title\" content=\"D\u00e9veloppement &amp; Production de pi\u00e8ces - GandTS\" \/>\n<meta property=\"og:description\" content=\"D\u00e9veloppement &#038; Production de pi\u00e8ces Prototypages, Maquettages &#038; Impression 3D Prototypages, Maquettages &amp; Impression 3D R\u00e9alisation de prototypes et maquettes fonctionnelles, ainsi que de pi\u00e8ces sur mesure gr\u00e2ce \u00e0 l&rsquo;impression 3D, permettant des ajustements rapides et une validation des concepts. Supports 3D &#038; Moyens De Contr\u00f4le Supports 3D &amp; Moyens de Contr\u00f4le Contr\u00f4le et optimisation&hellip; Continue reading D\u00e9veloppement &#038; Production de pi\u00e8ces\" \/>\n<meta property=\"og:url\" content=\"https:\/\/www.gandts.fr\/en\/nos-expertises\/industrialisation-production\/\" \/>\n<meta property=\"og:site_name\" content=\"GandTS\" \/>\n<meta property=\"article:modified_time\" content=\"2024-10-17T08:42:13+00:00\" \/>\n<meta property=\"og:image\" content=\"https:\/\/www.gandts.fr\/wp-content\/uploads\/2024\/09\/fr.png\" \/>\n<meta name=\"twitter:card\" content=\"summary_large_image\" \/>\n<meta name=\"twitter:label1\" content=\"Estimated reading time\" \/>\n\t<meta name=\"twitter:data1\" content=\"2 minutes\" \/>\n<script type=\"application\/ld+json\" class=\"yoast-schema-graph\">{\"@context\":\"https:\\\/\\\/schema.org\",\"@graph\":[{\"@type\":\"WebPage\",\"@id\":\"https:\\\/\\\/www.gandts.fr\\\/nos-expertises\\\/industrialisation-production\\\/\",\"url\":\"https:\\\/\\\/www.gandts.fr\\\/nos-expertises\\\/industrialisation-production\\\/\",\"name\":\"D\u00e9veloppement & Production de pi\u00e8ces - GandTS\",\"isPartOf\":{\"@id\":\"https:\\\/\\\/www.gandts.fr\\\/#website\"},\"primaryImageOfPage\":{\"@id\":\"https:\\\/\\\/www.gandts.fr\\\/nos-expertises\\\/industrialisation-production\\\/#primaryimage\"},\"image\":{\"@id\":\"https:\\\/\\\/www.gandts.fr\\\/nos-expertises\\\/industrialisation-production\\\/#primaryimage\"},\"thumbnailUrl\":\"https:\\\/\\\/www.gandts.fr\\\/wp-content\\\/uploads\\\/2024\\\/09\\\/fr.png\",\"datePublished\":\"2024-08-21T12:32:53+00:00\",\"dateModified\":\"2024-10-17T08:42:13+00:00\",\"breadcrumb\":{\"@id\":\"https:\\\/\\\/www.gandts.fr\\\/nos-expertises\\\/industrialisation-production\\\/#breadcrumb\"},\"inLanguage\":\"en-GB\",\"potentialAction\":[{\"@type\":\"ReadAction\",\"target\":[\"https:\\\/\\\/www.gandts.fr\\\/nos-expertises\\\/industrialisation-production\\\/\"]}]},{\"@type\":\"ImageObject\",\"inLanguage\":\"en-GB\",\"@id\":\"https:\\\/\\\/www.gandts.fr\\\/nos-expertises\\\/industrialisation-production\\\/#primaryimage\",\"url\":\"https:\\\/\\\/www.gandts.fr\\\/wp-content\\\/uploads\\\/2024\\\/09\\\/fr.png\",\"contentUrl\":\"https:\\\/\\\/www.gandts.fr\\\/wp-content\\\/uploads\\\/2024\\\/09\\\/fr.png\"},{\"@type\":\"BreadcrumbList\",\"@id\":\"https:\\\/\\\/www.gandts.fr\\\/nos-expertises\\\/industrialisation-production\\\/#breadcrumb\",\"itemListElement\":[{\"@type\":\"ListItem\",\"position\":1,\"name\":\"Home\",\"item\":\"https:\\\/\\\/www.gandts.fr\\\/\"},{\"@type\":\"ListItem\",\"position\":2,\"name\":\"Nos expertises\",\"item\":\"https:\\\/\\\/www.gandts.fr\\\/nos-expertises\\\/\"},{\"@type\":\"ListItem\",\"position\":3,\"name\":\"D\u00e9veloppement &#038; Production de pi\u00e8ces\"}]},{\"@type\":\"WebSite\",\"@id\":\"https:\\\/\\\/www.gandts.fr\\\/#website\",\"url\":\"https:\\\/\\\/www.gandts.fr\\\/\",\"name\":\"GandTS\",\"description\":\"\",\"potentialAction\":[{\"@type\":\"SearchAction\",\"target\":{\"@type\":\"EntryPoint\",\"urlTemplate\":\"https:\\\/\\\/www.gandts.fr\\\/?s={search_term_string}\"},\"query-input\":{\"@type\":\"PropertyValueSpecification\",\"valueRequired\":true,\"valueName\":\"search_term_string\"}}],\"inLanguage\":\"en-GB\"}]}<\/script>\n<!-- \/ Yoast SEO plugin. -->","yoast_head_json":{"title":"D\u00e9veloppement & Production de pi\u00e8ces - GandTS","robots":{"index":"index","follow":"follow","max-snippet":"max-snippet:-1","max-image-preview":"max-image-preview:large","max-video-preview":"max-video-preview:-1"},"canonical":"https:\/\/www.gandts.fr\/en\/nos-expertises\/industrialisation-production\/","og_locale":"en_GB","og_type":"article","og_title":"D\u00e9veloppement & Production de pi\u00e8ces - GandTS","og_description":"D\u00e9veloppement &#038; Production de pi\u00e8ces Prototypages, Maquettages &#038; Impression 3D Prototypages, Maquettages &amp; Impression 3D R\u00e9alisation de prototypes et maquettes fonctionnelles, ainsi que de pi\u00e8ces sur mesure gr\u00e2ce \u00e0 l&rsquo;impression 3D, permettant des ajustements rapides et une validation des concepts. Supports 3D &#038; Moyens De Contr\u00f4le Supports 3D &amp; Moyens de Contr\u00f4le Contr\u00f4le et optimisation&hellip; Continue reading D\u00e9veloppement &#038; Production de pi\u00e8ces","og_url":"https:\/\/www.gandts.fr\/en\/nos-expertises\/industrialisation-production\/","og_site_name":"GandTS","article_modified_time":"2024-10-17T08:42:13+00:00","og_image":[{"url":"https:\/\/www.gandts.fr\/wp-content\/uploads\/2024\/09\/fr.png","type":"","width":"","height":""}],"twitter_card":"summary_large_image","twitter_misc":{"Estimated reading time":"2 minutes"},"schema":{"@context":"https:\/\/schema.org","@graph":[{"@type":"WebPage","@id":"https:\/\/www.gandts.fr\/nos-expertises\/industrialisation-production\/","url":"https:\/\/www.gandts.fr\/nos-expertises\/industrialisation-production\/","name":"D\u00e9veloppement & Production de pi\u00e8ces - GandTS","isPartOf":{"@id":"https:\/\/www.gandts.fr\/#website"},"primaryImageOfPage":{"@id":"https:\/\/www.gandts.fr\/nos-expertises\/industrialisation-production\/#primaryimage"},"image":{"@id":"https:\/\/www.gandts.fr\/nos-expertises\/industrialisation-production\/#primaryimage"},"thumbnailUrl":"https:\/\/www.gandts.fr\/wp-content\/uploads\/2024\/09\/fr.png","datePublished":"2024-08-21T12:32:53+00:00","dateModified":"2024-10-17T08:42:13+00:00","breadcrumb":{"@id":"https:\/\/www.gandts.fr\/nos-expertises\/industrialisation-production\/#breadcrumb"},"inLanguage":"en-GB","potentialAction":[{"@type":"ReadAction","target":["https:\/\/www.gandts.fr\/nos-expertises\/industrialisation-production\/"]}]},{"@type":"ImageObject","inLanguage":"en-GB","@id":"https:\/\/www.gandts.fr\/nos-expertises\/industrialisation-production\/#primaryimage","url":"https:\/\/www.gandts.fr\/wp-content\/uploads\/2024\/09\/fr.png","contentUrl":"https:\/\/www.gandts.fr\/wp-content\/uploads\/2024\/09\/fr.png"},{"@type":"BreadcrumbList","@id":"https:\/\/www.gandts.fr\/nos-expertises\/industrialisation-production\/#breadcrumb","itemListElement":[{"@type":"ListItem","position":1,"name":"Home","item":"https:\/\/www.gandts.fr\/"},{"@type":"ListItem","position":2,"name":"Nos expertises","item":"https:\/\/www.gandts.fr\/nos-expertises\/"},{"@type":"ListItem","position":3,"name":"D\u00e9veloppement &#038; Production de pi\u00e8ces"}]},{"@type":"WebSite","@id":"https:\/\/www.gandts.fr\/#website","url":"https:\/\/www.gandts.fr\/","name":"GandTS","description":"","potentialAction":[{"@type":"SearchAction","target":{"@type":"EntryPoint","urlTemplate":"https:\/\/www.gandts.fr\/?s={search_term_string}"},"query-input":{"@type":"PropertyValueSpecification","valueRequired":true,"valueName":"search_term_string"}}],"inLanguage":"en-GB"}]}},"_links":{"self":[{"href":"https:\/\/www.gandts.fr\/en\/wp-json\/wp\/v2\/pages\/266","targetHints":{"allow":["GET"]}}],"collection":[{"href":"https:\/\/www.gandts.fr\/en\/wp-json\/wp\/v2\/pages"}],"about":[{"href":"https:\/\/www.gandts.fr\/en\/wp-json\/wp\/v2\/types\/page"}],"author":[{"embeddable":true,"href":"https:\/\/www.gandts.fr\/en\/wp-json\/wp\/v2\/users\/1"}],"replies":[{"embeddable":true,"href":"https:\/\/www.gandts.fr\/en\/wp-json\/wp\/v2\/comments?post=266"}],"version-history":[{"count":102,"href":"https:\/\/www.gandts.fr\/en\/wp-json\/wp\/v2\/pages\/266\/revisions"}],"predecessor-version":[{"id":2020,"href":"https:\/\/www.gandts.fr\/en\/wp-json\/wp\/v2\/pages\/266\/revisions\/2020"}],"up":[{"embeddable":true,"href":"https:\/\/www.gandts.fr\/en\/wp-json\/wp\/v2\/pages\/12"}],"wp:attachment":[{"href":"https:\/\/www.gandts.fr\/en\/wp-json\/wp\/v2\/media?parent=266"}],"curies":[{"name":"wp","href":"https:\/\/api.w.org\/{rel}","templated":true}]}}